{"id":14,"date":"2024-10-16T19:39:34","date_gmt":"2024-10-16T17:39:34","guid":{"rendered":"https:\/\/liendeconcy.fr\/?page_id=14"},"modified":"2025-09-28T11:36:30","modified_gmt":"2025-09-28T09:36:30","slug":"contact","status":"publish","type":"page","link":"https:\/\/liendeconcy.fr\/?page_id=14","title":{"rendered":"Articles"},"content":{"rendered":"\n<p><\/p>\n\n\n\n<p>28 septembre 2025<\/p>\n\n\n\n<div class=\"wp-block-media-text is-stacked-on-mobile\"><figure class=\"wp-block-media-text__media\"><img loading=\"lazy\" decoding=\"async\" width=\"640\" height=\"480\" src=\"https:\/\/liendeconcy.fr\/wp-content\/uploads\/2025\/09\/2025-poubelles-rotated.jpg\" alt=\"\" class=\"wp-image-258 size-full\" srcset=\"https:\/\/liendeconcy.fr\/wp-content\/uploads\/2025\/09\/2025-poubelles-rotated.jpg 640w, https:\/\/liendeconcy.fr\/wp-content\/uploads\/2025\/09\/2025-poubelles-300x225.jpg 300w\" sizes=\"auto, (max-width: 640px) 100vw, 640px\" \/><\/figure><div class=\"wp-block-media-text__content\">\n<p>Elles sont revenues ! <\/p>\n<\/div><\/div>\n\n\n\n<p>le 14 mai 2025<\/p>\n\n\n\n<div class=\"wp-block-media-text is-stacked-on-mobile\"><figure class=\"wp-block-media-text__media\"><img loading=\"lazy\" decoding=\"async\" width=\"912\" height=\"741\" src=\"https:\/\/liendeconcy.fr\/wp-content\/uploads\/2025\/05\/2025-engin-de-20-tonnes.png\" alt=\"\" class=\"wp-image-172 size-full\" srcset=\"https:\/\/liendeconcy.fr\/wp-content\/uploads\/2025\/05\/2025-engin-de-20-tonnes.png 912w, https:\/\/liendeconcy.fr\/wp-content\/uploads\/2025\/05\/2025-engin-de-20-tonnes-300x244.png 300w, https:\/\/liendeconcy.fr\/wp-content\/uploads\/2025\/05\/2025-engin-de-20-tonnes-768x624.png 768w\" sizes=\"auto, (max-width: 912px) 100vw, 912px\" \/><\/figure><div class=\"wp-block-media-text__content\">\n<figure class=\"wp-block-image size-large is-resized\"><img loading=\"lazy\" decoding=\"async\" width=\"768\" height=\"1024\" src=\"https:\/\/liendeconcy.fr\/wp-content\/uploads\/2025\/05\/2025-paneau-de-limitation-de-tonnage-768x1024.jpg\" alt=\"\" class=\"wp-image-174\" style=\"width:314px;height:auto\" srcset=\"https:\/\/liendeconcy.fr\/wp-content\/uploads\/2025\/05\/2025-paneau-de-limitation-de-tonnage-768x1024.jpg 768w, https:\/\/liendeconcy.fr\/wp-content\/uploads\/2025\/05\/2025-paneau-de-limitation-de-tonnage-225x300.jpg 225w, https:\/\/liendeconcy.fr\/wp-content\/uploads\/2025\/05\/2025-paneau-de-limitation-de-tonnage-1152x1536.jpg 1152w, https:\/\/liendeconcy.fr\/wp-content\/uploads\/2025\/05\/2025-paneau-de-limitation-de-tonnage.jpg 1200w\" sizes=\"auto, (max-width: 768px) 100vw, 768px\" \/><\/figure>\n<\/div><\/div>\n\n\n\n<p class=\"has-text-align-center has-global-color-13-color has-text-color has-link-color has-large-font-size wp-elements-d8b458a5a73cb0b3cf6386b1903f3d0c\">*Chercher l&rsquo;erreur*<\/p>\n\n\n\n<p>Bien entendu il n\u2019est pas question de mettre en cause les travaux de la r\u00e9sidence du Lac, mais on ne peut pas ignorer que le sous-sol de la rue Pierre Loti abrite les parkings de la r\u00e9sidence des Jardins de Concy.<\/p>\n\n\n\n<p>Aussi, la limitation de charge indiqu\u00e9e \u00e0 l\u2019entr\u00e9e de la r\u00e9sidence doit \u00eatre respect\u00e9e. Une demande de d\u00e9rogation a-t-elle \u00e9t\u00e9 faite&nbsp;?&nbsp;&nbsp; Information sera faite au Syndic.<\/p>\n\n\n\n<div class=\"wp-block-media-text is-stacked-on-mobile\"><figure class=\"wp-block-media-text__media\"><img loading=\"lazy\" decoding=\"async\" width=\"1024\" height=\"768\" src=\"https:\/\/liendeconcy.fr\/wp-content\/uploads\/2025\/05\/2025-camion-lac-1-2-1024x768.jpg\" alt=\"\" class=\"wp-image-180 size-full\" srcset=\"https:\/\/liendeconcy.fr\/wp-content\/uploads\/2025\/05\/2025-camion-lac-1-2-1024x768.jpg 1024w, https:\/\/liendeconcy.fr\/wp-content\/uploads\/2025\/05\/2025-camion-lac-1-2-300x225.jpg 300w, https:\/\/liendeconcy.fr\/wp-content\/uploads\/2025\/05\/2025-camion-lac-1-2-768x576.jpg 768w, https:\/\/liendeconcy.fr\/wp-content\/uploads\/2025\/05\/2025-camion-lac-1-2-1536x1152.jpg 1536w, https:\/\/liendeconcy.fr\/wp-content\/uploads\/2025\/05\/2025-camion-lac-1-2.jpg 1600w\" sizes=\"auto, (max-width: 1024px) 100vw, 1024px\" \/><\/figure><div class=\"wp-block-media-text__content\">\n<figure class=\"wp-block-image size-full is-resized\"><img loading=\"lazy\" decoding=\"async\" width=\"456\" height=\"561\" src=\"https:\/\/liendeconcy.fr\/wp-content\/uploads\/2025\/05\/2025-camion-travaux.png\" alt=\"\" class=\"wp-image-175\" style=\"width:290px;height:auto\" srcset=\"https:\/\/liendeconcy.fr\/wp-content\/uploads\/2025\/05\/2025-camion-travaux.png 456w, https:\/\/liendeconcy.fr\/wp-content\/uploads\/2025\/05\/2025-camion-travaux-244x300.png 244w\" sizes=\"auto, (max-width: 456px) 100vw, 456px\" \/><\/figure>\n\n\n\n<p><\/p>\n<\/div><\/div>\n\n\n\n<p>______________________________<\/p>\n\n\n\n<p>avril 2025 <\/p>\n\n\n\n<div class=\"wp-block-media-text is-stacked-on-mobile\" style=\"grid-template-columns:24% auto\"><figure class=\"wp-block-media-text__media\"><img loading=\"lazy\" decoding=\"async\" width=\"205\" height=\"273\" src=\"https:\/\/liendeconcy.fr\/wp-content\/uploads\/2025\/04\/image-1.png\" alt=\"\" class=\"wp-image-100 size-full\"\/><\/figure><div class=\"wp-block-media-text__content\">\n<p>Voil\u00e0 l&rsquo;illustration de l&#8217;empilage de d\u00e9tritus mis sous les fen\u00eatres du b\u00e2timent \u00ab\u00a0B\u00a0\u00bb depuis samedi midi. Un e-mail a \u00e9t\u00e9 adress\u00e9 au Syndic, \u00e0 un repr\u00e9sentant du Conseil Syndical, et \u00e0 la loge. Nous avons la confirmation qu&rsquo;un rappel sera adress\u00e9 afin de mettre fin \u00e0 ce manque de civisme.<\/p>\n<\/div><\/div>\n\n\n\n<p><\/p>\n\n\n\n<p><\/p>\n","protected":false},"excerpt":{"rendered":"<p>28 septembre 2025 Elles sont revenues ! le 14 mai 2025 *Chercher l&rsquo;erreur* Bien entendu il n\u2019est pas question de mettre en cause les travaux de la r\u00e9sidence du Lac, mais on ne peut pas ignorer que le sous-sol de la rue Pierre Loti abrite les parkings de la r\u00e9sidence des Jardins de Concy. Aussi, &#8230; <a title=\"Articles\" class=\"read-more\" href=\"https:\/\/liendeconcy.fr\/?page_id=14\" aria-label=\"En savoir plus sur Articles\">Lire la suite<\/a><\/p>\n","protected":false},"author":1,"featured_media":0,"parent":0,"menu_order":0,"comment_status":"closed","ping_status":"closed","template":"","meta":{"footnotes":""},"class_list":["post-14","page","type-page","status-publish"],"_links":{"self":[{"href":"https:\/\/liendeconcy.fr\/index.php?rest_route=\/wp\/v2\/pages\/14","targetHints":{"allow":["GET"]}}],"collection":[{"href":"https:\/\/liendeconcy.fr\/index.php?rest_route=\/wp\/v2\/pages"}],"about":[{"href":"https:\/\/liendeconcy.fr\/index.php?rest_route=\/wp\/v2\/types\/page"}],"author":[{"embeddable":true,"href":"https:\/\/liendeconcy.fr\/index.php?rest_route=\/wp\/v2\/users\/1"}],"replies":[{"embeddable":true,"href":"https:\/\/liendeconcy.fr\/index.php?rest_route=%2Fwp%2Fv2%2Fcomments&post=14"}],"version-history":[{"count":14,"href":"https:\/\/liendeconcy.fr\/index.php?rest_route=\/wp\/v2\/pages\/14\/revisions"}],"predecessor-version":[{"id":259,"href":"https:\/\/liendeconcy.fr\/index.php?rest_route=\/wp\/v2\/pages\/14\/revisions\/259"}],"wp:attachment":[{"href":"https:\/\/liendeconcy.fr\/index.php?rest_route=%2Fwp%2Fv2%2Fmedia&parent=14"}],"curies":[{"name":"wp","href":"https:\/\/api.w.org\/{rel}","templated":true}]}}