{"id":44,"date":"2025-04-05T16:21:15","date_gmt":"2025-04-05T14:21:15","guid":{"rendered":"https:\/\/liendeconcy.fr\/?page_id=44"},"modified":"2026-03-17T10:13:50","modified_gmt":"2026-03-17T09:13:50","slug":"informations","status":"publish","type":"page","link":"https:\/\/liendeconcy.fr\/?page_id=44","title":{"rendered":"Informations"},"content":{"rendered":"\n<p><\/p>\n\n\n\n<p class=\"has-global-color-13-color has-text-color has-link-color wp-elements-ab6939d673645ec34293da4a3c07e690\"><strong>Ceci est un texte visible pour tous<\/strong><\/p>\n\n\n\n<p>Examen par LLC des r\u00e9solutions propos\u00e9es \u00e0 notre AGO du 23 mars 2026, ci-dessous le tableau d&rsquo;information.<\/p>\n\n\n\n<div data-wp-interactive=\"core\/file\" class=\"wp-block-file\"><object data-wp-bind--hidden=\"!state.hasPdfPreview\" hidden class=\"wp-block-file__embed\" data=\"https:\/\/liendeconcy.fr\/wp-content\/uploads\/2026\/03\/PREPARATION-DES-RESOLUTIONS-AGO-23-03-2026-vers-def.pdf\" type=\"application\/pdf\" style=\"width:100%;height:600px\" aria-label=\"Contenu embarqu\u00e9 PREPARATION DES RESOLUTIONS AGO 23 03 2026 vers def.\"><\/object><a id=\"wp-block-file--media-0952a7c9-d243-452b-bf52-0c65577f73ba\" href=\"https:\/\/liendeconcy.fr\/wp-content\/uploads\/2026\/03\/PREPARATION-DES-RESOLUTIONS-AGO-23-03-2026-vers-def.pdf\">PREPARATION DES RESOLUTIONS AGO 23 03 2026 vers def<\/a><a href=\"https:\/\/liendeconcy.fr\/wp-content\/uploads\/2026\/03\/PREPARATION-DES-RESOLUTIONS-AGO-23-03-2026-vers-def.pdf\" class=\"wp-block-file__button wp-element-button\" download aria-describedby=\"wp-block-file--media-0952a7c9-d243-452b-bf52-0c65577f73ba\">T\u00e9l\u00e9charger<\/a><\/div>\n\n\n\n<div class=\"wp-block-file\"><a id=\"wp-block-file--media-f5d1c4ab-c08f-49f0-bda2-5e55d9c11f41\" href=\"https:\/\/liendeconcy.fr\/wp-content\/uploads\/2026\/03\/2026-03-10-Recommandations-de-vote-du-Conseil-Syndical-pour-affichage1.docx\">2026-03-10 Recommandations de vote du Conseil Syndical pour affichage(1)<\/a><a href=\"https:\/\/liendeconcy.fr\/wp-content\/uploads\/2026\/03\/2026-03-10-Recommandations-de-vote-du-Conseil-Syndical-pour-affichage1.docx\" class=\"wp-block-file__button wp-element-button\" download aria-describedby=\"wp-block-file--media-f5d1c4ab-c08f-49f0-bda2-5e55d9c11f41\">T\u00e9l\u00e9charger<\/a><\/div>\n\n\n\n<div class=\"wp-block-file\"><a id=\"wp-block-file--media-1746147c-7326-4823-b0e3-db0666cf22c4\" href=\"https:\/\/liendeconcy.fr\/wp-content\/uploads\/2026\/02\/Compte-rendu-du-CS-du-14.01.2026.pdf\">C<strong>ompte rendu du CS du 14.01.202<\/strong>6<\/a><a href=\"https:\/\/liendeconcy.fr\/wp-content\/uploads\/2026\/02\/Compte-rendu-du-CS-du-14.01.2026.pdf\" class=\"wp-block-file__button wp-element-button\" download aria-describedby=\"wp-block-file--media-1746147c-7326-4823-b0e3-db0666cf22c4\">T\u00e9l\u00e9charger<\/a><\/div>\n\n\n\n<p><strong>Une information qui sera distribu\u00e9e est \u00e0 disposition dans la page adh\u00e9rents<\/strong><\/p>\n\n\n\n<blockquote class=\"wp-block-quote has-small-font-size is-layout-flow wp-block-quote-is-layout-flow\">\n<p class=\"has-contrast-color has-contrast-3-background-color has-text-color has-background has-link-color wp-elements-6484464bb256cda7cc1e2e3b4e09ba0e\">\uf0b7<strong>PROCEDURE EDEN MARKET<\/strong> Le Syndicat des copropri\u00e9taires ayant \u00e9t\u00e9 d\u00e9bout\u00e9 dans sa proc\u00e9dure contre la soci\u00e9t\u00e9 EDEN MARKET, le Cabinet SSB a \u00e9t\u00e9 mandat\u00e9 afin d\u2019\u00e9tudier la cr\u00e9ation d\u2019un nouveau local poubelles. Un projet a \u00e9t\u00e9 retenu par le Conseil, mais \u00e0 ce jour, une seule estimation financi\u00e8re a \u00e9t\u00e9 re\u00e7ue.<\/p>\n\n\n\n<p class=\"has-contrast-3-color has-text-color has-link-color wp-elements-39eaf62ea0e3dead5f191adfecdbfc82\"><\/p>\n\n\n\n<p>_____________________________________________________________________________________<\/p>\n<\/blockquote>\n\n\n\n<p><strong>Commentaires du Lien de Concy, suite \u00e0 l\u2019affichage du Compte rendu du Conseil Syndical du 15 d\u00e9cembre 2025 <\/strong><\/p>\n\n\n\n<figure class=\"wp-block-image size-full\"><img loading=\"lazy\" decoding=\"async\" width=\"740\" height=\"150\" src=\"https:\/\/liendeconcy.fr\/wp-content\/uploads\/2026\/01\/cr.png\" alt=\"\" class=\"wp-image-393\" srcset=\"https:\/\/liendeconcy.fr\/wp-content\/uploads\/2026\/01\/cr.png 740w, https:\/\/liendeconcy.fr\/wp-content\/uploads\/2026\/01\/cr-300x61.png 300w\" sizes=\"auto, (max-width: 740px) 100vw, 740px\" \/><\/figure>\n\n\n\n<p>Voil\u00e0 une r\u00e9flexion qui va dans le sens&nbsp; des \u00e9conomies d\u2019\u00e9nergie et donc&nbsp; des \u00e9conomies pour les copropri\u00e9taires. C\u2019est une piste int\u00e9ressante qui m\u00e9rite  r\u00e9flexion et une \u00e9tude s\u00e9rieuse, qui sans doute entrainera &nbsp;un financement de la part des copropri\u00e9taires.&nbsp; &nbsp;<\/p>\n\n\n\n<p>&nbsp;Alors, la conjoncture actuelle ne permet peut-\u00eatre pas aux copropri\u00e9taires &nbsp;de se disperser dans des&nbsp; investissements qui n\u2019apportent pour la proposition ci-dessous que des commodit\u00e9s accessoires.<\/p>\n\n\n\n<figure class=\"wp-block-image size-full\"><img loading=\"lazy\" decoding=\"async\" width=\"736\" height=\"213\" src=\"https:\/\/liendeconcy.fr\/wp-content\/uploads\/2026\/01\/cr-14-12-25.png\" alt=\"\" class=\"wp-image-394\" srcset=\"https:\/\/liendeconcy.fr\/wp-content\/uploads\/2026\/01\/cr-14-12-25.png 736w, https:\/\/liendeconcy.fr\/wp-content\/uploads\/2026\/01\/cr-14-12-25-300x87.png 300w\" sizes=\"auto, (max-width: 736px) 100vw, 736px\" \/><\/figure>\n\n\n\n<p>______________________________________________________<\/p>\n\n\n\n<figure class=\"wp-block-image size-full\"><img loading=\"lazy\" decoding=\"async\" width=\"688\" height=\"42\" src=\"https:\/\/liendeconcy.fr\/wp-content\/uploads\/2026\/01\/cr-14-12-25-1.png\" alt=\"\" class=\"wp-image-395\" srcset=\"https:\/\/liendeconcy.fr\/wp-content\/uploads\/2026\/01\/cr-14-12-25-1.png 688w, https:\/\/liendeconcy.fr\/wp-content\/uploads\/2026\/01\/cr-14-12-25-1-300x18.png 300w\" sizes=\"auto, (max-width: 688px) 100vw, 688px\" \/><\/figure>\n\n\n\n<p>Comment imaginer qu\u2019une soci\u00e9t\u00e9 s\u00e9rieuse puisse accomplir l\u2019\u00e9tanch\u00e9it\u00e9 avec une garantie d\u00e9cennale en occultant les climatiseurs&nbsp; positionn\u00e9s sur la terrasse&nbsp;? Ce qui s\u2019est pass\u00e9 en 2014 travaux sans garantie de l\u2019entreprise ! Maintenant, nous voil\u00e0 garant des d\u00e9sordres, et &nbsp;pouvons constater qu\u2019en moins de10ans les travaux semblent \u00eatre \u00e0 refaire. Les copropri\u00e9taires du Bat B se sont d\u00e9j\u00e0 acquitt\u00e9s de cette d\u00e9pense sans participation forfaitaire des commerces. &nbsp;<strong>Alors,&nbsp; si aucune garantie \u00e9crite des commerces sur le retrait des blocs frigorifiques n\u2019est annex\u00e9e \u00e0 l\u2019AGO, LLC souhaite que le B\u00e2timent B refuse ces travaux.&nbsp;&nbsp;<\/strong> D\u2019autre part il serait int\u00e9ressant de rechercher le PV d\u2019AGO acceptant le positionnement de ces blocs r\u00e9frig\u00e9rants.<\/p>\n\n\n\n<figure class=\"wp-block-image size-full\"><img loading=\"lazy\" decoding=\"async\" width=\"790\" height=\"353\" src=\"https:\/\/liendeconcy.fr\/wp-content\/uploads\/2026\/01\/cr-14-12-25-casquette-1.png\" alt=\"\" class=\"wp-image-398\" srcset=\"https:\/\/liendeconcy.fr\/wp-content\/uploads\/2026\/01\/cr-14-12-25-casquette-1.png 790w, https:\/\/liendeconcy.fr\/wp-content\/uploads\/2026\/01\/cr-14-12-25-casquette-1-300x134.png 300w, https:\/\/liendeconcy.fr\/wp-content\/uploads\/2026\/01\/cr-14-12-25-casquette-1-768x343.png 768w\" sizes=\"auto, (max-width: 790px) 100vw, 790px\" \/><\/figure>\n\n\n\n<figure class=\"wp-block-image size-full\"><img loading=\"lazy\" decoding=\"async\" width=\"706\" height=\"58\" src=\"https:\/\/liendeconcy.fr\/wp-content\/uploads\/2026\/01\/CR-POUBELLES.png\" alt=\"\" class=\"wp-image-400\" srcset=\"https:\/\/liendeconcy.fr\/wp-content\/uploads\/2026\/01\/CR-POUBELLES.png 706w, https:\/\/liendeconcy.fr\/wp-content\/uploads\/2026\/01\/CR-POUBELLES-300x25.png 300w\" sizes=\"auto, (max-width: 706px) 100vw, 706px\" \/><\/figure>\n\n\n\n<p><strong>NON, c\u2019est&nbsp; inadmissible&nbsp;! <\/strong><strong> Extrait de&nbsp;:<\/strong><\/p>\n\n\n\n<figure class=\"wp-block-image size-full is-resized\"><img loading=\"lazy\" decoding=\"async\" width=\"402\" height=\"99\" src=\"https:\/\/liendeconcy.fr\/wp-content\/uploads\/2026\/01\/logo-prefecture.png\" alt=\"\" class=\"wp-image-401\" style=\"width:288px;height:auto\" srcset=\"https:\/\/liendeconcy.fr\/wp-content\/uploads\/2026\/01\/logo-prefecture.png 402w, https:\/\/liendeconcy.fr\/wp-content\/uploads\/2026\/01\/logo-prefecture-300x74.png 300w\" sizes=\"auto, (max-width: 402px) 100vw, 402px\" \/><\/figure>\n\n\n\n<p><\/p>\n\n\n\n<p class=\"has-global-color-13-color has-text-color has-link-color wp-elements-556e61d8345b5aa74ebd1727b6bc5443\"><em>\u00ab&nbsp;Dans un immeuble en copropri\u00e9t\u00e9, le local \u00e0 poubelles doit r\u00e9pondre aux caract\u00e9ristiques suivantes : <strong><u>\u00catre clos et ventil\u00e9 <\/u><\/strong><strong><u>Avoir des portes permettant une fermeture herm\u00e9tique. Avoir des parois (murs et sol) imperm\u00e9ables et ininflammables.&nbsp;\u00bb<\/u><\/strong><\/em><\/p>\n\n\n\n<p class=\"has-global-color-13-color has-text-color has-link-color wp-elements-7be9173d16e8549a74ed924ef5580a2c\"><em>Toutefois cet usage ne doit pas \u00eatre abusif et entrainer de troubles manifestes pour les autres copropri\u00e9taires&nbsp;: trop grande quantit\u00e9, containers qui d\u00e9bordent, d\u00e9chets renvers\u00e9s au sol, odeurs naus\u00e9abondes etc. <u>Si la copropri\u00e9t\u00e9 ne dispose pas de local \u00e0 poubelle, le commer\u00e7ant ne doit pas encombrer les parties communes avec ses containers mais les garder \u00e0 l&rsquo;int\u00e9rieur de ses locaux privatifs et les sortir aux horaires de collecte.<\/u><\/em><\/p>\n\n\n\n<p><strong>En cons\u00e9quence,&nbsp; il serait utile de mettre \u00e0 disposition des copropri\u00e9taires la copie du r\u00e9f\u00e9r\u00e9, et avant de financer une quelconque \u00e9tude s\u2019appuyer sur les textes ci-dessus.<\/strong><\/p>\n\n\n\n<div class=\"wp-block-file\"><a id=\"wp-block-file--media-68e024aa-8049-4796-afce-868ab1875d41\" href=\"https:\/\/liendeconcy.fr\/?attachment_id=387\"><br>Compte rendu CS 15 12 2025_20260103_0001<\/a><a href=\"https:\/\/liendeconcy.fr\/wp-content\/uploads\/2026\/01\/Compte-rendu-CS-15-12-2025_20260103_0001.pdf\" class=\"wp-block-file__button wp-element-button\" download aria-describedby=\"wp-block-file--media-68e024aa-8049-4796-afce-868ab1875d41\">T\u00e9l\u00e9charger<\/a><\/div>\n\n\n\n<p>_______________________________________________________________________________________________<\/p>\n\n\n\n<pre class=\"wp-block-preformatted\"><strong>Commentaires du Lien de Concy, suite \u00e0 l\u2019affichage du Compte rendu du Conseil Syndical du 10 octobre2025 <\/strong><br><br><em><strong>\u00ab EDEN : attente du d\u00e9lib\u00e9r\u00e9 pour statuer suite ou abandon \u00bb<\/strong><\/em><br><br>Une \u00ab M\u00e9diation \u00bb avait \u00e9t\u00e9 demand\u00e9e par le g\u00e9rant du magasin EDEN,  lors de la derni\u00e8re AGO.<br>Cette m\u00e9diation a-t-elle eu lieu et qu\u2019en est-il ? Les copropri\u00e9taires victimes des nuisances de ce magasin s\u2019interrogent ? Des informations compl\u00e9mentaires sont n\u00e9cessaires.<br><br><strong><em>\u00ab Fen\u00eatre non conforme : proposition de conciliation en cours. \u00bb<\/em><\/strong><br>C\u2019est \u00e0 notre avis une sage d\u00e9cision. <br><br>\u00ab Sujet encombrants \u00bb: Le volume des encombrants est de plus en plus important, les d\u00e9chets non collect\u00e9s (malgr\u00e9 les rappels) sont d\u00e9pos\u00e9s et non ramass\u00e9s, obligeant le syndicat des copropri\u00e9taires \u00e0 les faire retirer par une soci\u00e9t\u00e9 aux frais des copropri\u00e9taires et \u00e9galement par ricochet aux locataires.<br>Ce probl\u00e8me a \u00e9t\u00e9 maintes fois d\u00e9nonc\u00e9 par Le Lien de Concy  notamment au regard de la benne des encombrants dont le tonnage d\u00e9passe largement les 3t5 (poids autoris\u00e9) voir ci-dessous  <br><br><strong><em>\u00ab Engins lourds : la Mairie va mettre en conformit\u00e9 les panneaux. Le panneau 7t sera retir\u00e9 et remplac\u00e9<br>par 3t5 \u00bb<\/em><\/strong><br>Tr\u00e8s bien mais en contradiction avec le paragraphe ci-dessus.<br><br><strong><em>\u00ab Remplacement des BAL et interphones : 84000 \u20ac par b\u00e2timent \u00bb<\/em><\/strong><br>En d\u00e9cembre 2021, (voir compte rendu) un projet concernant ce remplacement a \u00e9t\u00e9 \u00e9tudi\u00e9 (ci-joint projet.)  <br>  <br>Pour r\u00e9\u00e9tudier ce dossier il est indispensable de prendre en compte : <br>* La s\u00e9curit\u00e9 des halls (pas de sas dans les lin\u00e9aires) ce qui induit un \u00ab pass \u00bb au pr\u00e9pos\u00e9 pour d\u00e9poser les paquets dans l\u2019espace colis. <br>* Le montant qui ne peut pas \u00eatre identique \u00e0 2021 (1200\u20ac \u00e0 1500\u20ac par appartement) !<br>* Le bien-fond\u00e9 d\u2019une telle d\u00e9pense compte tenu de la raret\u00e9 aujourd\u2019hui du courrier et qui va s\u2019amplifier \u00e0 l\u2019avenir.<br>* Il est semble-t-il  illusoire de penser que de nouvelles portes garantiraient la maitrise des d\u00e9perditions de chaleur d\u2019autant que des grilles d\u2019a\u00e9rations  existent.   <\/pre>\n\n\n\n<div class=\"wp-block-media-text is-stacked-on-mobile\" style=\"grid-template-columns:57% auto\"><figure class=\"wp-block-media-text__media\"><img loading=\"lazy\" decoding=\"async\" width=\"629\" height=\"66\" src=\"https:\/\/liendeconcy.fr\/wp-content\/uploads\/2025\/10\/extrait-info-AGO-2022-1.png\" alt=\"\" class=\"wp-image-344 size-full\" srcset=\"https:\/\/liendeconcy.fr\/wp-content\/uploads\/2025\/10\/extrait-info-AGO-2022-1.png 629w, https:\/\/liendeconcy.fr\/wp-content\/uploads\/2025\/10\/extrait-info-AGO-2022-1-300x31.png 300w\" sizes=\"auto, (max-width: 629px) 100vw, 629px\" \/><\/figure><div class=\"wp-block-media-text__content\">\n<p class=\"has-small-font-size\">Information \u00e0 l\u2019AGO de 2022 voir CI-CONTRE .<\/p>\n<\/div><\/div>\n\n\n\n<p>Compte rendu de la commission Boites aux Lettres : document r\u00e9alis\u00e9 pour chacun des B\u00e2timents A B C D<\/p>\n\n\n\n<div class=\"wp-block-file\"><a id=\"wp-block-file--media-df0133ac-c16a-4431-8809-2722f35ecc6f\" href=\"https:\/\/liendeconcy.fr\/wp-content\/uploads\/2025\/10\/BOITES-AUX-LETTRES-CR-Commission-du-17-12-2021-BAT-A.doc\">BOITES AUX LETTRES CR Commission du 17 12 2021 BAT A<\/a><a href=\"https:\/\/liendeconcy.fr\/wp-content\/uploads\/2025\/10\/BOITES-AUX-LETTRES-CR-Commission-du-17-12-2021-BAT-A.doc\" class=\"wp-block-file__button wp-element-button\" download aria-describedby=\"wp-block-file--media-df0133ac-c16a-4431-8809-2722f35ecc6f\">T\u00e9l\u00e9charger<\/a><\/div>\n\n\n\n<p>________________________________________________________________________________________________<\/p>\n\n\n\n<div class=\"wp-block-file\"><a id=\"wp-block-file--media-373eaa67-7016-4512-99cc-f9d0c2a18fbf\" href=\"https:\/\/liendeconcy.fr\/wp-content\/uploads\/2025\/10\/20251016-Compte-rendu-du-CS-du-10.10.2025-1.pdf\"> <br>Compte rendu du CS du 10.10.2025<\/a><a href=\"https:\/\/liendeconcy.fr\/wp-content\/uploads\/2025\/10\/20251016-Compte-rendu-du-CS-du-10.10.2025-1.pdf\" class=\"wp-block-file__button wp-element-button\" download aria-describedby=\"wp-block-file--media-373eaa67-7016-4512-99cc-f9d0c2a18fbf\">T\u00e9l\u00e9charger<\/a><\/div>\n\n\n\n<div class=\"wp-block-file\"><a id=\"wp-block-file--media-e1e8f757-b8c9-43ef-b3d1-9898975b539d\" href=\"https:\/\/liendeconcy.fr\/wp-content\/uploads\/2025\/09\/Compte-Rendu-du-CS-du-03-09-25.pdf\">Compte Rendu du  CS du 03 09 25<\/a><a href=\"https:\/\/liendeconcy.fr\/wp-content\/uploads\/2025\/09\/Compte-Rendu-du-CS-du-03-09-25.pdf\" class=\"wp-block-file__button wp-element-button\" download aria-describedby=\"wp-block-file--media-e1e8f757-b8c9-43ef-b3d1-9898975b539d\">T\u00e9l\u00e9charger<\/a><\/div>\n\n\n\n<div class=\"wp-block-file\"><a id=\"wp-block-file--media-35920a43-aadd-477e-a03b-c5f57e7a107e\" href=\"https:\/\/liendeconcy.fr\/wp-content\/uploads\/2025\/06\/compte-rendu-du-CR-u-CS-04-juin-2025-3.pdf\">compte rendu du CR u CS 04 juin 2025<\/a><a href=\"https:\/\/liendeconcy.fr\/wp-content\/uploads\/2025\/06\/compte-rendu-du-CR-u-CS-04-juin-2025-3.pdf\" class=\"wp-block-file__button wp-element-button\" download aria-describedby=\"wp-block-file--media-35920a43-aadd-477e-a03b-c5f57e7a107e\">T\u00e9l\u00e9charger<\/a><\/div>\n\n\n\n<div class=\"wp-block-file\"><a id=\"wp-block-file--media-eedff0c7-1c32-4a1c-ba7a-fdfcbbb5c404\" href=\"https:\/\/liendeconcy.fr\/wp-content\/uploads\/2025\/06\/2025-04-03-Compte-rendu-du-CS-du-26.03.2025.pdf\">2025 04 03 Compte rendu du CS du 26.03.2025<\/a><a href=\"https:\/\/liendeconcy.fr\/wp-content\/uploads\/2025\/06\/2025-04-03-Compte-rendu-du-CS-du-26.03.2025.pdf\" class=\"wp-block-file__button wp-element-button\" download aria-describedby=\"wp-block-file--media-eedff0c7-1c32-4a1c-ba7a-fdfcbbb5c404\">T\u00e9l\u00e9charger<\/a><\/div>\n\n\n\n<div class=\"wp-block-media-text is-vertically-aligned-bottom\"><figure class=\"wp-block-media-text__media\"><img loading=\"lazy\" decoding=\"async\" width=\"566\" height=\"796\" src=\"https:\/\/liendeconcy.fr\/wp-content\/uploads\/2025\/04\/2025-CONSEIL-SYNDICAL.png\" alt=\"\" class=\"wp-image-125 size-full\" srcset=\"https:\/\/liendeconcy.fr\/wp-content\/uploads\/2025\/04\/2025-CONSEIL-SYNDICAL.png 566w, https:\/\/liendeconcy.fr\/wp-content\/uploads\/2025\/04\/2025-CONSEIL-SYNDICAL-213x300.png 213w\" sizes=\"auto, (max-width: 566px) 100vw, 566px\" \/><\/figure><div class=\"wp-block-media-text__content\">\n<p><\/p>\n\n\n\n<p><\/p>\n\n\n\n<p><\/p>\n<\/div><\/div>\n\n\n\n<p class=\"has-contrast-color has-text-color has-link-color has-medium-font-size wp-elements-19e35b5ccfed21de5c2bad2dbbb1a8e8\"><\/p>\n\n\n\n<p><\/p>\n","protected":false},"excerpt":{"rendered":"<p>Ceci est un texte visible pour tous Examen par LLC des r\u00e9solutions propos\u00e9es \u00e0 notre AGO du 23 mars 2026, ci-dessous le tableau d&rsquo;information. Une information qui sera distribu\u00e9e est \u00e0 disposition dans la page adh\u00e9rents \uf0b7PROCEDURE EDEN MARKET Le Syndicat des copropri\u00e9taires ayant \u00e9t\u00e9 d\u00e9bout\u00e9 dans sa proc\u00e9dure contre la soci\u00e9t\u00e9 EDEN MARKET, le &#8230; <a title=\"Informations\" class=\"read-more\" href=\"https:\/\/liendeconcy.fr\/?page_id=44\" aria-label=\"En savoir plus sur Informations\">Lire la suite<\/a><\/p>\n","protected":false},"author":1,"featured_media":0,"parent":0,"menu_order":0,"comment_status":"closed","ping_status":"closed","template":"","meta":{"footnotes":""},"class_list":["post-44","page","type-page","status-publish"],"_links":{"self":[{"href":"https:\/\/liendeconcy.fr\/index.php?rest_route=\/wp\/v2\/pages\/44","targetHints":{"allow":["GET"]}}],"collection":[{"href":"https:\/\/liendeconcy.fr\/index.php?rest_route=\/wp\/v2\/pages"}],"about":[{"href":"https:\/\/liendeconcy.fr\/index.php?rest_route=\/wp\/v2\/types\/page"}],"author":[{"embeddable":true,"href":"https:\/\/liendeconcy.fr\/index.php?rest_route=\/wp\/v2\/users\/1"}],"replies":[{"embeddable":true,"href":"https:\/\/liendeconcy.fr\/index.php?rest_route=%2Fwp%2Fv2%2Fcomments&post=44"}],"version-history":[{"count":42,"href":"https:\/\/liendeconcy.fr\/index.php?rest_route=\/wp\/v2\/pages\/44\/revisions"}],"predecessor-version":[{"id":458,"href":"https:\/\/liendeconcy.fr\/index.php?rest_route=\/wp\/v2\/pages\/44\/revisions\/458"}],"wp:attachment":[{"href":"https:\/\/liendeconcy.fr\/index.php?rest_route=%2Fwp%2Fv2%2Fmedia&parent=44"}],"curies":[{"name":"wp","href":"https:\/\/api.w.org\/{rel}","templated":true}]}}