{"id":7,"date":"2024-10-16T19:23:59","date_gmt":"2024-10-16T17:23:59","guid":{"rendered":"https:\/\/liendeconcy.fr\/?page_id=7"},"modified":"2026-03-16T15:40:18","modified_gmt":"2026-03-16T14:40:18","slug":"le-lien-de-concy-association-de-coproprietaires-de-la-residence-des-jardins-de-concy","status":"publish","type":"page","link":"https:\/\/liendeconcy.fr\/","title":{"rendered":"Accueil"},"content":{"rendered":"\n<p class=\"has-pale-ocean-gradient-background has-background\"><strong>Le Lien de Concy : Association de copropri\u00e9taires de la r\u00e9sidence Les Jardins de Concy \u00e0 Yerres <em>(Loi 1901)<\/em><\/strong><\/p>\n\n\n\n<div class=\"wp-block-media-text is-stacked-on-mobile is-image-fill-element\"><figure class=\"wp-block-media-text__media\"><img loading=\"lazy\" decoding=\"async\" width=\"480\" height=\"640\" src=\"https:\/\/liendeconcy.fr\/wp-content\/uploads\/2025\/04\/2025-entree-residence-IMG_2620-1-rotated.jpg\" alt=\"\" class=\"wp-image-62 size-full\" style=\"object-position:48% 52%\" srcset=\"https:\/\/liendeconcy.fr\/wp-content\/uploads\/2025\/04\/2025-entree-residence-IMG_2620-1-rotated.jpg 480w, https:\/\/liendeconcy.fr\/wp-content\/uploads\/2025\/04\/2025-entree-residence-IMG_2620-1-225x300.jpg 225w\" sizes=\"auto, (max-width: 480px) 100vw, 480px\" \/><\/figure><div class=\"wp-block-media-text__content\">\n<p>Notre association a pour objet d\u2019agir dans l\u2019int\u00e9r\u00eat des copropri\u00e9taires adh\u00e9rents en vue de prot\u00e9ger la qualit\u00e9 de vie, la valorisation de leur patrimoine.<\/p>\n\n\n\n<p>Elle vise \u00e0 mettre en place des structures de communication, d\u2019information, de discussion, de proposition.<\/p>\n\n\n\n<p>Elle s\u2019attachera \u00e0 pr\u00e9server les int\u00e9r\u00eats collectifs de ses membres au regard de diff\u00e9rentes instances charg\u00e9es de la gestion et du suivi de la r\u00e9sidence et de son environnement. Elle pourra avoir une mission de conseil individuel&nbsp; aupr\u00e8s des copropri\u00e9taires adh\u00e9rents.<\/p>\n\n\n\n<p>Elle se rapprochera de professionnels experts dans la gestion des copropri\u00e9t\u00e9s.<\/p>\n\n\n\n<p class=\"has-global-color-13-color has-text-color has-link-color wp-elements-dce4744701e607d907a456bd2ef461d4\">CONTACT courriel : leliendeconcy@free.fr<\/p>\n\n\n\n<p class=\"has-contrast-2-color has-text-color has-background has-link-color has-medium-font-size wp-elements-f1edd507d03d46dfcd1aac3d6e05b36c\" style=\"background:linear-gradient(135deg,rgb(255,245,203) 0%,rgb(234,242,240) 50%,rgb(174,181,51) 100%)\">              MARS 2026<\/p>\n\n\n\n<figure class=\"wp-block-image size-full is-style-default\"><img loading=\"lazy\" decoding=\"async\" width=\"453\" height=\"276\" src=\"https:\/\/liendeconcy.fr\/wp-content\/uploads\/2026\/03\/2026-mars-mois.png\" alt=\"\" class=\"wp-image-441\" srcset=\"https:\/\/liendeconcy.fr\/wp-content\/uploads\/2026\/03\/2026-mars-mois.png 453w, https:\/\/liendeconcy.fr\/wp-content\/uploads\/2026\/03\/2026-mars-mois-300x183.png 300w\" sizes=\"auto, (max-width: 453px) 100vw, 453px\" \/><\/figure>\n\n\n\n<p class=\"has-medium-font-size\">   <strong><mark style=\"background-color:var(--global-color-17)\" class=\"has-inline-color\">Lundi 23   Assembl\u00e9e G\u00e9n\u00e9rale<\/mark><\/strong><\/p>\n\n\n\n<p><\/p>\n\n\n\n<p><\/p>\n\n\n\n<p><\/p>\n\n\n\n<p class=\"has-small-font-size\"><\/p>\n\n\n\n<div class=\"wp-block-group is-nowrap is-layout-flex wp-container-core-group-is-layout-ad2f72ca wp-block-group-is-layout-flex\">\n<p class=\"has-medium-font-size\"><\/p>\n\n\n\n<figure class=\"wp-block-image size-full\"><img loading=\"lazy\" decoding=\"async\" width=\"33\" height=\"14\" src=\"https:\/\/liendeconcy.fr\/wp-content\/uploads\/2025\/09\/fleche-gif-252-2.gif\" alt=\"\" class=\"wp-image-233\"\/><\/figure>\n\n\n\n<p class=\"has-base-background-color has-background has-medium-font-size wp-container-content-9cfa9a5a\">16\/3\/2026 Voir page :  Informations<\/p>\n<\/div>\n<\/div><\/div>\n\n\n\n<p class=\"has-contrast-2-color has-text-color has-link-color wp-elements-41c8e257858e8bd6378d2d744888cf25\"><a href=\"http:\/\/www.mon-compteur.fr\"><\/a><\/p>\n\n\n\n<p><\/p>\n\n\n<p><a href=\"https:\/\/www.compteurdevisite.com\" title=\"compteur de visite html\"><img decoding=\"async\" src=\"https:\/\/counter1.optistats.ovh\/private\/compteurdevisite.php?c=cxkc6w4u5tplh3bmfjh5gm5z95umqspb\" border=\"0\" title=\"compteur de visite html\" alt=\"compteur de visite html\"><\/a><\/p>\n\n\n<p><\/p>\n","protected":false},"excerpt":{"rendered":"<p>Le Lien de Concy : Association de copropri\u00e9taires de la r\u00e9sidence Les Jardins de Concy \u00e0 Yerres (Loi 1901)<\/p>\n","protected":false},"author":1,"featured_media":0,"parent":0,"menu_order":0,"comment_status":"closed","ping_status":"closed","template":"","meta":{"footnotes":""},"class_list":["post-7","page","type-page","status-publish"],"_links":{"self":[{"href":"https:\/\/liendeconcy.fr\/index.php?rest_route=\/wp\/v2\/pages\/7","targetHints":{"allow":["GET"]}}],"collection":[{"href":"https:\/\/liendeconcy.fr\/index.php?rest_route=\/wp\/v2\/pages"}],"about":[{"href":"https:\/\/liendeconcy.fr\/index.php?rest_route=\/wp\/v2\/types\/page"}],"author":[{"embeddable":true,"href":"https:\/\/liendeconcy.fr\/index.php?rest_route=\/wp\/v2\/users\/1"}],"replies":[{"embeddable":true,"href":"https:\/\/liendeconcy.fr\/index.php?rest_route=%2Fwp%2Fv2%2Fcomments&post=7"}],"version-history":[{"count":67,"href":"https:\/\/liendeconcy.fr\/index.php?rest_route=\/wp\/v2\/pages\/7\/revisions"}],"predecessor-version":[{"id":453,"href":"https:\/\/liendeconcy.fr\/index.php?rest_route=\/wp\/v2\/pages\/7\/revisions\/453"}],"wp:attachment":[{"href":"https:\/\/liendeconcy.fr\/index.php?rest_route=%2Fwp%2Fv2%2Fmedia&parent=7"}],"curies":[{"name":"wp","href":"https:\/\/api.w.org\/{rel}","templated":true}]}}